{"id":32,"date":"2023-08-09T11:04:15","date_gmt":"2023-08-09T11:04:15","guid":{"rendered":"https:\/\/studiod.de\/?page_id=32"},"modified":"2023-08-09T11:23:01","modified_gmt":"2023-08-09T11:23:01","slug":"impressum","status":"publish","type":"page","link":"https:\/\/studiod.de\/?page_id=32","title":{"rendered":"Impressum"},"content":{"rendered":"\n<p><br><br><br>Impressum<\/p>\n\n\n\n<p>Studio-D<br>Marketing&amp;Medien Service GmbH<br>Eichendorffstrasse 7<br>53797 Lohmar<br><br>02246-2980<br><br>HRB 1213 Amtsgericht Siegburg<br>USt-IdNr.: DE 123116353<br>Gesch\u00e4ftsf\u00fchrender Gesellschafter: Oliver D\u00fcrbaum<br><br>Unsere aktuell g\u00fcltigen AGB werden wir Ihnen bei Bedarf zukommen lassen.<\/p>\n","protected":false},"excerpt":{"rendered":"<p>Impressum Studio-DMarketing&amp;Medien Service GmbHEichendorffstrasse 753797 Lohmar 02246-2980 HRB 1213 Amtsgericht SiegburgUSt-IdNr.: DE 123116353Gesch\u00e4ftsf\u00fchrender Gesellschafter: Oliver D\u00fcrbaum Unsere aktuell g\u00fcltigen AGB werden wir Ihnen bei Bedarf zukommen lassen.<\/p>\n","protected":false},"author":1,"featured_media":0,"parent":0,"menu_order":0,"comment_status":"closed","ping_status":"closed","template":"","meta":{"footnotes":""},"class_list":["post-32","page","type-page","status-publish","hentry"],"_links":{"self":[{"href":"https:\/\/studiod.de\/index.php?rest_route=\/wp\/v2\/pages\/32","targetHints":{"allow":["GET"]}}],"collection":[{"href":"https:\/\/studiod.de\/index.php?rest_route=\/wp\/v2\/pages"}],"about":[{"href":"https:\/\/studiod.de\/index.php?rest_route=\/wp\/v2\/types\/page"}],"author":[{"embeddable":true,"href":"https:\/\/studiod.de\/index.php?rest_route=\/wp\/v2\/users\/1"}],"replies":[{"embeddable":true,"href":"https:\/\/studiod.de\/index.php?rest_route=%2Fwp%2Fv2%2Fcomments&post=32"}],"version-history":[{"count":2,"href":"https:\/\/studiod.de\/index.php?rest_route=\/wp\/v2\/pages\/32\/revisions"}],"predecessor-version":[{"id":44,"href":"https:\/\/studiod.de\/index.php?rest_route=\/wp\/v2\/pages\/32\/revisions\/44"}],"wp:attachment":[{"href":"https:\/\/studiod.de\/index.php?rest_route=%2Fwp%2Fv2%2Fmedia&parent=32"}],"curies":[{"name":"wp","href":"https:\/\/api.w.org\/{rel}","templated":true}]}}